{"id":643,"date":"2025-05-27T14:10:41","date_gmt":"2025-05-27T14:10:41","guid":{"rendered":"https:\/\/sweetbonanza-moneyslot.com\/sample-page\/"},"modified":"2026-02-24T17:21:10","modified_gmt":"2026-02-24T17:21:10","slug":"643-2","status":"publish","type":"page","link":"https:\/\/sweetbonanza-moneyslot.com\/tr\/","title":{"rendered":"home"},"content":{"rendered":"","protected":false},"excerpt":{"rendered":"","protected":false},"author":1,"featured_media":594,"parent":0,"menu_order":0,"comment_status":"closed","ping_status":"open","template":"views\/page-home.php","meta":{"footnotes":""},"class_list":["post-643","page","type-page","status-publish","has-post-thumbnail","hentry"],"acf":[],"yoast_head":"<!-- This site is optimized with the Yoast SEO plugin v25.2 - https:\/\/yoast.com\/wordpress\/plugins\/seo\/ -->\n<title>Sweet Bonanza Oyna: \u00dccretsiz Demo ve Ger\u00e7ek Para Slot \u0130ncelemesi<\/title>\n<meta name=\"description\" content=\"Pragmatic Play&#039;den Sweet Bonanza slotunu ke\u015ffedin! \ud83c\udf6d .51 RTP, x21.100 Maksimum Kazan\u00e7 ve 100x \u00c7arpanlar. \u015eimdi demo oyna veya \u015fans\u0131n\u0131 dene.\" \/>\n<meta name=\"robots\" content=\"index, follow, max-snippet:-1, max-image-preview:large, max-video-preview:-1\" \/>\n<meta property=\"og:locale\" content=\"tr_TR\" \/>\n<meta property=\"og:type\" content=\"article\" \/>\n<meta property=\"og:url\" content=\"https:\/\/sweetbonanza-moneyslot.com\/tr\/\" \/>\n<meta property=\"og:site_name\" content=\"sweet bonanza\" \/>\n<meta property=\"article:modified_time\" content=\"2026-02-24T17:21:10+00:00\" \/>\n<meta property=\"og:image\" content=\"https:\/\/sweetbonanza-moneyslot.com\/wp-content\/uploads\/2025\/09\/Image-Container.webp\" \/>\n\t<meta property=\"og:image:width\" content=\"320\" \/>\n\t<meta property=\"og:image:height\" content=\"287\" \/>\n\t<meta property=\"og:image:type\" content=\"image\/webp\" \/>\n<meta name=\"twitter:card\" content=\"summary_large_image\" \/>\n<meta name=\"twitter:label1\" content=\"Tahmini okuma s\u00fcresi\" \/>\n\t<meta name=\"twitter:data1\" content=\"1 dakika\" \/>\n<!-- \/ Yoast SEO plugin. -->","yoast_head_json":{"title":"Sweet Bonanza Oyna: \u00dccretsiz Demo ve Ger\u00e7ek Para Slot \u0130ncelemesi","description":"Pragmatic Play'den Sweet Bonanza slotunu ke\u015ffedin! \ud83c\udf6d .51 RTP, x21.100 Maksimum Kazan\u00e7 ve 100x \u00c7arpanlar. \u015eimdi demo oyna veya \u015fans\u0131n\u0131 dene.","robots":{"index":"index","follow":"follow","max-snippet":"max-snippet:-1","max-image-preview":"max-image-preview:large","max-video-preview":"max-video-preview:-1"},"og_locale":"tr_TR","og_type":"article","og_url":"https:\/\/sweetbonanza-moneyslot.com\/tr\/","og_site_name":"sweet bonanza","article_modified_time":"2026-02-24T17:21:10+00:00","og_image":[{"width":320,"height":287,"url":"https:\/\/sweetbonanza-moneyslot.com\/wp-content\/uploads\/2025\/09\/Image-Container.webp","type":"image\/webp"}],"twitter_card":"summary_large_image","twitter_misc":{"Tahmini okuma s\u00fcresi":"1 dakika"},"schema":{"@context":"https:\/\/schema.org","@graph":[{"@type":"WebPage","@id":"https:\/\/sweetbonanza-moneyslot.com\/tr\/","url":"https:\/\/sweetbonanza-moneyslot.com\/tr\/","name":"Sweet Bonanza Oyna: \u00dccretsiz Demo ve Ger\u00e7ek Para Slot \u0130ncelemesi","isPartOf":{"@id":"https:\/\/sweetbonanza-moneyslot.com\/#website"},"primaryImageOfPage":{"@id":"https:\/\/sweetbonanza-moneyslot.com\/tr\/#primaryimage"},"image":{"@id":"https:\/\/sweetbonanza-moneyslot.com\/tr\/#primaryimage"},"thumbnailUrl":"https:\/\/sweetbonanza-moneyslot.com\/wp-content\/uploads\/2025\/09\/Image-Container.webp","datePublished":"2025-05-27T14:10:41+00:00","dateModified":"2026-02-24T17:21:10+00:00","description":"Pragmatic Play'den Sweet Bonanza slotunu ke\u015ffedin! \ud83c\udf6d .51 RTP, x21.100 Maksimum Kazan\u00e7 ve 100x \u00c7arpanlar. \u015eimdi demo oyna veya \u015fans\u0131n\u0131 dene.","breadcrumb":{"@id":"https:\/\/sweetbonanza-moneyslot.com\/tr\/#breadcrumb"},"inLanguage":"tr","potentialAction":[{"@type":"ReadAction","target":["https:\/\/sweetbonanza-moneyslot.com\/tr\/"]}]},{"@type":"ImageObject","inLanguage":"tr","@id":"https:\/\/sweetbonanza-moneyslot.com\/tr\/#primaryimage","url":"https:\/\/sweetbonanza-moneyslot.com\/wp-content\/uploads\/2025\/09\/Image-Container.webp","contentUrl":"https:\/\/sweetbonanza-moneyslot.com\/wp-content\/uploads\/2025\/09\/Image-Container.webp","width":320,"height":287,"caption":"sweet bonanza"},{"@type":"BreadcrumbList","@id":"https:\/\/sweetbonanza-moneyslot.com\/tr\/#breadcrumb","itemListElement":[{"@type":"ListItem","position":1,"name":"Home","item":"https:\/\/sweetbonanza-moneyslot.com\/tr\/"},{"@type":"ListItem","position":2,"name":"home"}]},{"@type":"WebSite","@id":"https:\/\/sweetbonanza-moneyslot.com\/#website","url":"https:\/\/sweetbonanza-moneyslot.com\/","name":"sweet bonanza","description":"","potentialAction":[{"@type":"SearchAction","target":{"@type":"EntryPoint","urlTemplate":"https:\/\/sweetbonanza-moneyslot.com\/?s={search_term_string}"},"query-input":{"@type":"PropertyValueSpecification","valueRequired":true,"valueName":"search_term_string"}}],"inLanguage":"tr"}]}},"_links":{"self":[{"href":"https:\/\/sweetbonanza-moneyslot.com\/tr\/wp-json\/wp\/v2\/pages\/643","targetHints":{"allow":["GET"]}}],"collection":[{"href":"https:\/\/sweetbonanza-moneyslot.com\/tr\/wp-json\/wp\/v2\/pages"}],"about":[{"href":"https:\/\/sweetbonanza-moneyslot.com\/tr\/wp-json\/wp\/v2\/types\/page"}],"author":[{"embeddable":true,"href":"https:\/\/sweetbonanza-moneyslot.com\/tr\/wp-json\/wp\/v2\/users\/1"}],"replies":[{"embeddable":true,"href":"https:\/\/sweetbonanza-moneyslot.com\/tr\/wp-json\/wp\/v2\/comments?post=643"}],"version-history":[{"count":8,"href":"https:\/\/sweetbonanza-moneyslot.com\/tr\/wp-json\/wp\/v2\/pages\/643\/revisions"}],"predecessor-version":[{"id":673,"href":"https:\/\/sweetbonanza-moneyslot.com\/tr\/wp-json\/wp\/v2\/pages\/643\/revisions\/673"}],"wp:featuredmedia":[{"embeddable":true,"href":"https:\/\/sweetbonanza-moneyslot.com\/tr\/wp-json\/wp\/v2\/media\/594"}],"wp:attachment":[{"href":"https:\/\/sweetbonanza-moneyslot.com\/tr\/wp-json\/wp\/v2\/media?parent=643"}],"curies":[{"name":"wp","href":"https:\/\/api.w.org\/{rel}","templated":true}]}}